{"id":37,"date":"2021-03-06T19:46:24","date_gmt":"2021-03-06T19:46:24","guid":{"rendered":"http:\/\/www.cajiexport.com\/aviso-legal\/"},"modified":"2021-03-06T19:46:24","modified_gmt":"2021-03-06T19:46:24","slug":"aviso-legal","status":"publish","type":"page","link":"http:\/\/www.cajiexport.com\/index.php\/aviso-legal\/","title":{"rendered":"Aviso Legal"},"content":{"rendered":"\n<h2>Identificaci\u00f3n y Titularidad<\/h2>\n\n\n<p>\n\tA continuaci\u00f3n se exponen los datos identificativos del titular.\n<\/p>\n\n<p>\n\t<ul>\t\t\n\t\t<li><b>Titular:<\/b>\t\t\t\n\t\t\tCaji Export Internacional, S.L.U..\n\t\t\t\n\t\t<\/li>\n\t\t<li><b>NIF:<\/b> B19187236<\/li>\n\t\t\t\t<li>Inscrita en el registro mercantil de Las Palmas de Gran Canaria, tomo 313, libro 0, secci\u00f3n 8, folio 66, hoja GU-3156, inscripci\u00f3n 1\u00aa.<\/li>\n\t\t\t\t\n\t\t<li><b>Domicilio:<\/b>  C\/ Jos\u00e9 Antonio, 7, 35470 San Nicol\u00e1s,  Las Palmas - Espa\u00f1a.<\/li>\n\t\t<li><b>Correo electr\u00f3nico:<\/b> cajiexport@yahoo.es<\/li>\n\t\t\n\t\t<li><b>Sitio Web:<\/b> <a href=\"http:\/\/www.cajiexport.com\">http:\/\/www.cajiexport.com\/<\/a><\/li>\n\t<\/ul>\n<\/p>\n\n<h2>Finalidad<\/h2>\n<p>\n\tLa finalidad del sitio Web <a href=\"http:\/\/www.cajiexport.com\">http:\/\/www.cajiexport.com\/<\/a> es Comercio mayorista de mercanc\u00edas.\n<\/p>\n\n\n<h2>Condiciones de Uso<\/h2>\n<p>\n\tLa utilizaci\u00f3n del sitio Web le otorga la condici\u00f3n de Usuario, e implica la aceptaci\u00f3n completa de todas las cl\u00e1usulas y condiciones de uso incluidas en las p\u00e1ginas: \n\t<ul>\t\t\n\t\t<li><a href=\"http:\/\/www.cajiexport.com\/index.php\/aviso-legal\/\">Aviso Legal<\/a><\/li>\n\t\t<li><a href=\"http:\/\/www.cajiexport.com\/index.php\/politica-privacidad\/\">Pol\u00edtica de Privacidad<\/a><\/li>\n\t\t<li><a href=\"http:\/\/www.cajiexport.com\/index.php\/politica-de-cookies\/\">Pol\u00edtica de Cookies<\/a><\/li>\n\t<\/ul>\t\n<\/p>\n\n<p>\n\tSi no estuviera conforme con todas y cada una de estas cl\u00e1usulas y condiciones abst\u00e9ngase de utilizar este sitio Web.\n<\/p>\n\n<p>\t\n\tEl acceso a este sitio Web no supone, en modo alguno, el inicio de una relaci\u00f3n comercial con Caji Export Internacional, S.L.U.. \n<\/p>\n\n<p>\t\n\tA trav\u00e9s de este sitio Web, el Titular le facilita el acceso y la utilizaci\u00f3n de diversos contenidos que el Titular o sus colaboradores han publicado por medio de Internet.\n<\/p>\n\n<p>\n\tA tal efecto, usted est\u00e1 obligado y comprometido a NO utilizar cualquiera de los contenidos del sitio Web con fines o efectos il\u00edcitos, prohibidos en este Aviso Legal o por la legislaci\u00f3n vigente, lesivos de los derechos e intereses de terceros, o que de cualquier forma puedan da\u00f1ar, inutilizar, sobrecargar, deteriorar o impedir la normal utilizaci\u00f3n de los contenidos, los equipos inform\u00e1ticos o los documentos, archivos y toda clase de contenidos almacenados en cualquier equipo inform\u00e1tico propios o contratados por Caji Export Internacional, S.L.U., de otros usuarios o de cualquier usuario de Internet.\n<\/p>\n\n\n\n\n\n\n<h2>Medidas de seguridad<\/h2>\n\n<p>\n\tLos datos personales que facilite al Titular pueden ser almacenados en bases de datos automatizadas o no, cuya titularidad corresponde en exclusiva a Caji Export Internacional, S.L.U., que asume todas las medidas de \u00edndole t\u00e9cnica, organizativa y de seguridad que garantizan la confidencialidad, integridad y calidad de la informaci\u00f3n contenida en las mismas de acuerdo con lo establecido en la normativa vigente en protecci\u00f3n de datos. \n<\/p>\n<p>\n\tNo obstante, debe ser consciente de que las medidas de seguridad de los sistemas inform\u00e1ticos en Internet no son enteramente fiables y que, por tanto el Titular no puede garantizar la inexistencia de virus u otros elementos que puedan producir alteraciones en los sistemas inform\u00e1ticos (software y hardware) del Usuario o en sus documentos electr\u00f3nicos y ficheros contenidos en los mismos aunque el Titular pone todos los medios necesarios y toma las medidas de seguridad oportunas para evitar la presencia de estos elementos da\u00f1inos.\n<\/p>\n\n\n<h2>Tratamiento de Datos Personales<\/h2>\n<p>\t\n\tUsted puede consultar toda la informaci\u00f3n relativa al tratamiento de datos personales que recoge el Titular en la p\u00e1gina de <a href=\"http:\/\/www.cajiexport.com\/index.php\/politica-privacidad\/\">Pol\u00edtica de Privacidad<\/a>.\n<\/p>\n\n<h2>Contenidos<\/h2>\n<p>\n\tEl Titular ha obtenido la informaci\u00f3n, el contenido multimedia y los materiales incluidos en el sitio Web de fuentes que considera fiables, pero, si bien ha tomado todas las medidas razonables para asegurar que la informaci\u00f3n contenida es correcta, el Titular no garantiza que sea exacta, completa o actualizada. Caji Export Internacional, S.L.U. declina expresamente cualquier responsabilidad por error u omisi\u00f3n en la informaci\u00f3n contenida en las p\u00e1ginas de este sitio Web.\n<\/p>\n\n<p>\n\tQueda prohibido transmitir o enviar a trav\u00e9s del sitio Web cualquier contenido ilegal o il\u00edcito, virus inform\u00e1ticos, o mensajes que, en general, afecten o violen derechos de\u00a0el Titular o de terceros.\n<\/p>\n\n<p>\n\tLos contenidos de <a href=\"http:\/\/www.cajiexport.com\">http:\/\/www.cajiexport.com\/<\/a> tienen \u00fanicamente una finalidad informativa y bajo ninguna circunstancia deben usarse ni considerarse como oferta de venta, solicitud de una oferta de compra ni recomendaci\u00f3n para realizar cualquier otra operaci\u00f3n, salvo que as\u00ed se indique expresamente.\n<\/p>\n\n<p>\n\tCaji Export Internacional, S.L.U. se reserva el derecho a modificar, suspender, cancelar o restringir el contenido de <a href=\"http:\/\/www.cajiexport.com\">http:\/\/www.cajiexport.com\/<\/a>, los v\u00ednculos o la informaci\u00f3n obtenida a trav\u00e9s del sitio Web, sin necesidad de previo aviso.\n<\/p>\n\n<p>\n\tCaji Export Internacional, S.L.U.\u00a0no es responsable de los da\u00f1os y perjuicios que pudieran derivarse de la utilizaci\u00f3n de la informaci\u00f3n del sitio Web.\n<\/p>\n\n\n<h2>Pol\u00edtica de cookies<\/h2>\n<p>\n\tEn la p\u00e1gina <a href=\"http:\/\/www.cajiexport.com\/index.php\/politica-de-cookies\/\">Pol\u00edtica de Cookies<\/a> puede consultar toda la informaci\u00f3n relativa a la pol\u00edtica de recogida y tratamiento de las cookies.\n<\/p>\n\n\n<h2>Enlaces a otros sitios Web<\/h2>\n<p>\n\tEl Titular puede proporcionarle acceso a sitios Web de terceros mediante enlaces con la finalidad exclusiva de informar sobre la existencia de otras fuentes de informaci\u00f3n en Internet en las que podr\u00e1 ampliar los datos ofrecidos en el sitio Web.\n<\/p>\n\n<p>\t\n\tEstos enlaces a otros sitios Web no suponen en ning\u00fan caso una sugerencia o recomendaci\u00f3n para que usted visite las p\u00e1ginas web de destino, que est\u00e1n fuera del control del Titular, por lo que Caji Export Internacional, S.L.U. no es responsable del contenido de los sitios web vinculados ni del resultado que obtenga al seguir los enlaces.\n<\/p>\n\n<p>\n\tAsimismo, Caji Export Internacional, S.L.U. no responde de los links o enlaces ubicados en los sitios web vinculados a los que le proporciona acceso.\n<\/p>\n\n<p>\n\tEl establecimiento del enlace no implica en ning\u00fan caso la existencia de relaciones entre Caji Export Internacional, S.L.U. y el propietario del sitio en el que se establezca el enlace, ni la aceptaci\u00f3n o aprobaci\u00f3n por parte del Titular de sus contenidos o servicios.\n<\/p>\n\n<p>\t\n\tSi accede a un sitio Web externo desde un enlace que encuentre en <a href=\"http:\/\/www.cajiexport.com\">http:\/\/www.cajiexport.com\/<\/a> usted deber\u00e1 leer la propia pol\u00edtica de privacidad del otro sitio web que puede ser diferente de la de este sitio Web.\n<\/p>\n\n\n\n<h2>Propiedad intelectual e industrial<\/h2>\n<p>\n\tTodos los derechos est\u00e1n reservados. \n<\/p>\n<p>\n\tTodo acceso a este sitio Web est\u00e1 sujeto a las siguientes condiciones: la reproducci\u00f3n, almacenaje permanente y la difusi\u00f3n de los contenidos o cualquier otro uso que tenga finalidad p\u00fablica o comercial queda expresamente prohibida sin el consentimiento previo expreso y por escrito de Caji Export Internacional, S.L.U..\n<\/p>\n\n\n<h2>Limitaci\u00f3n de responsabilidad<\/h2>\n<p>\n\tCaji Export Internacional, S.L.U. declina cualquier responsabilidad en caso de que existan interrupciones o un mal funcionamiento de los Servicios o contenidos ofrecidos en Internet, cualquiera que sea su causa. Asimismo, el Titular no se hace responsable por ca\u00eddas de la red, p\u00e9rdidas de negocio a consecuencia de dichas ca\u00eddas, suspensiones temporales de fluido el\u00e9ctrico o cualquier otro tipo de da\u00f1o indirecto que te pueda ser causado por causas ajenas a el Titular.\n<\/p>\n<p>\n\tAntes de tomar decisiones y\/o acciones con base a la informaci\u00f3n incluida en el sitio Web, el Titular le recomienda comprobar y contrastar la informaci\u00f3n recibida con otras fuentes.\n<\/p>\n\n\n\n\n<h2>Contacto<\/h2>\n<p>\t\n\tEn caso de que usted tenga cualquier duda acerca de estas Condiciones legales o quiera realizar cualquier comentario sobre este sitio Web, puede enviar un mensaje de correo electr\u00f3nico a la direcci\u00f3n cajiexport@yahoo.es. \n<\/p>\n","protected":false},"excerpt":{"rendered":"<p>Identificaci\u00f3n y Titularidad A continuaci\u00f3n se exponen los datos identificativos del titular. Titular: Caji Export Internacional, S.L.U.. NIF: B19187236 Inscrita en el registro mercantil de Las Palmas de Gran Canaria, tomo 313, libro 0, secci\u00f3n 8, folio 66, hoja GU-3156, inscripci\u00f3n 1\u00aa. Domicilio: C\/ Jos\u00e9 Antonio, 7, 35470 San Nicol\u00e1s, Las Palmas &#8211; Espa\u00f1a. Correo electr\u00f3nico: cajiexport@yahoo.es Sitio Web: http:\/\/www.cajiexport.com\/ Finalidad La finalidad del sitio Web http:\/\/www.cajiexport.com\/ es Comercio mayorista&#8230;<\/p>\n","protected":false},"author":1,"featured_media":0,"parent":0,"menu_order":0,"comment_status":"closed","ping_status":"closed","template":"","meta":[],"_links":{"self":[{"href":"http:\/\/www.cajiexport.com\/index.php\/wp-json\/wp\/v2\/pages\/37"}],"collection":[{"href":"http:\/\/www.cajiexport.com\/index.php\/wp-json\/wp\/v2\/pages"}],"about":[{"href":"http:\/\/www.cajiexport.com\/index.php\/wp-json\/wp\/v2\/types\/page"}],"author":[{"embeddable":true,"href":"http:\/\/www.cajiexport.com\/index.php\/wp-json\/wp\/v2\/users\/1"}],"replies":[{"embeddable":true,"href":"http:\/\/www.cajiexport.com\/index.php\/wp-json\/wp\/v2\/comments?post=37"}],"version-history":[{"count":0,"href":"http:\/\/www.cajiexport.com\/index.php\/wp-json\/wp\/v2\/pages\/37\/revisions"}],"wp:attachment":[{"href":"http:\/\/www.cajiexport.com\/index.php\/wp-json\/wp\/v2\/media?parent=37"}],"curies":[{"name":"wp","href":"https:\/\/api.w.org\/{rel}","templated":true}]}}