{"id":36,"date":"2021-03-06T19:43:30","date_gmt":"2021-03-06T19:43:30","guid":{"rendered":"http:\/\/www.cajiexport.com\/?page_id=36"},"modified":"2021-03-08T18:04:02","modified_gmt":"2021-03-08T18:04:02","slug":"maquinas-en-cesion","status":"publish","type":"page","link":"http:\/\/www.cajiexport.com\/index.php\/maquinas-en-cesion\/","title":{"rendered":"M\u00e1quinas en cesi\u00f3n"},"content":{"rendered":"\n<p>Las m\u00e1quinas en cesi\u00f3n son m\u00e1quinas de nuestras propiedad que usted como operador podr\u00e1 instalar y explotar sin necesidad de comprarlas, \u00fanicamente nos comprar\u00eda el producto para cargarlas.<\/p>\n\n\n\n<p>Los modelos de m\u00e1quinas expendedoras que tenemos disponibles para cesi\u00f3n son de 1 y 2 canales. La de 2 canales tiene la posibilidad de instalar monederos independientes para vender a diferente precio por cada canal.<\/p>\n\n\n\n<p>El contrato de instalaci\u00f3n ser\u00eda de nosotros hacia el establecimiento, ya que las m\u00e1quinas son nuestras. Usted constar\u00eda en el mismo como el instalador.<\/p>\n\n\n\n<p>Para comenzar debe instalar un m\u00ednimo de 10 m\u00e1quinas y llevar una carga de producto + una carga de respuesto para cada una. El modelo de las m\u00e1quinas queda a su elecci\u00f3n.<\/p>\n\n\n\n<p>Los productos disponibles para estas m\u00e1quinas y las cantidades por carga son:<\/p>\n\n\n\n<p>&#8211; Preservativo unitario Latexin. (Cantidad 144 unidades x2)<\/p>\n\n\n\n<p>&#8211; Aro vibrador Vibrasex. (Cantidad 48 unidades x2)<\/p>\n\n\n\n<p>&#8211; Complemento alimenticio Vigarex. (Cantidad 48 unidades x2)<\/p>\n\n\n\n<p>Dichos productos tendr\u00edan un precio especial para usted, debido a que los impuestos corren nuestro cargo.<\/p>\n\n\n\n<p>A continuaci\u00f3n le detallamos los precios por unidad al que usted comprar\u00eda y el precio al que lo vender\u00eda:<\/p>\n\n\n\n<p>&#8211; Preservativo unitario Latexin. Precio 0,33 EUR\/unidad. Usted lo vender\u00eda a 1 EUR.<\/p>\n\n\n\n<p>&#8211; Aro vibrador Vibrasex. Precio 1,38 EUR\/unidad. Ust\u00e9d lo vender\u00eda a 3 EUR.<\/p>\n\n\n\n<p>&#8211; Complemento alimenticio Vigarex. Precio 1,50 EUR\/unidad. Usted lo vender\u00eda a 3 EUR.<\/p>\n\n\n\n<p>A continuaci\u00f3n puede descargar las fichas con las especificaciones de las m\u00e1quinas disponibles para elegir:<\/p>\n\n\n\n<div class=\"wp-block-file\"><a target=\"_blank\" href=\"http:\/\/www.cajiexport.com\/archivos\/2021\/03\/CONDOMATIC-X1-es.pdf\" rel=\"noopener noreferrer\"><strong>CONDOMATIC X1<\/strong><\/a><a href=\"http:\/\/www.cajiexport.com\/archivos\/2021\/03\/CONDOMATIC-X1-es.pdf\" class=\"wp-block-file__button\" download=\"\">Descarga<\/a><\/div>\n\n\n\n<div class=\"wp-block-file\"><a target=\"_blank\" href=\"http:\/\/www.cajiexport.com\/archivos\/2021\/03\/POLIVALENTE-UNILATEX.pdf\" rel=\"noopener noreferrer\"><strong>POLIVALENTE X1<\/strong><\/a><a href=\"http:\/\/www.cajiexport.com\/archivos\/2021\/03\/POLIVALENTE-UNILATEX.pdf\" class=\"wp-block-file__button\" download=\"\">Descarga<\/a><\/div>\n\n\n\n<div class=\"wp-block-file\"><a target=\"_blank\" href=\"http:\/\/www.cajiexport.com\/archivos\/2021\/03\/MULTIVENDOR-X2-es.pdf\" rel=\"noopener noreferrer\"><strong>MULTIVENDOR X2<\/strong><\/a><a href=\"http:\/\/www.cajiexport.com\/archivos\/2021\/03\/MULTIVENDOR-X2-es.pdf\" class=\"wp-block-file__button\" download=\"\">Descarga<\/a><\/div>\n\n\n\n<p>IMPORTANTE: Debe comunicarnos la zona donde desea operar para comprobar la disponibilidad.<\/p>\n\n\n\n<p>No hay compromiso de permanencia, en caso de que usted quisiera dejar de explotar las m\u00e1quinas, no los comunicar\u00eda y nosotros enviar\u00edamos a una persona a recoger las m\u00e1quinas y las llaves, y se le devolver\u00eda el dinero correspondiente al producto que no hubiera vendido.<\/p>\n\n\n\n<hr class=\"wp-block-separator\"\/>\n\n\n\n<p>Si est\u00e1 interesado, puede contactar con nosotros rellenando el siguiente formulario, o por v\u00eda telef\u00f3nica al <strong><a href=\"tel:+34659010804\">+34 659 01 08 04<\/a><\/strong>.<\/p>\n\n\n\n<div class=\"wp-block-contact-form-7-contact-form-selector\"><div role=\"form\" class=\"wpcf7\" id=\"wpcf7-f44-o1\" lang=\"es-ES\" dir=\"ltr\">\n<div class=\"screen-reader-response\"><p role=\"status\" aria-live=\"polite\" aria-atomic=\"true\"><\/p> <ul><\/ul><\/div>\n<form action=\"\/index.php\/wp-json\/wp\/v2\/pages\/36#wpcf7-f44-o1\" method=\"post\" class=\"wpcf7-form init\" novalidate=\"novalidate\" data-status=\"init\">\n<div style=\"display: none;\">\n<input type=\"hidden\" name=\"_wpcf7\" value=\"44\" \/>\n<input type=\"hidden\" name=\"_wpcf7_version\" value=\"5.3\" \/>\n<input type=\"hidden\" name=\"_wpcf7_locale\" value=\"es_ES\" \/>\n<input type=\"hidden\" name=\"_wpcf7_unit_tag\" value=\"wpcf7-f44-o1\" \/>\n<input type=\"hidden\" name=\"_wpcf7_container_post\" value=\"0\" \/>\n<input type=\"hidden\" name=\"_wpcf7_posted_data_hash\" value=\"\" \/>\n<input type=\"hidden\" name=\"_wpcf7_recaptcha_response\" value=\"\" \/>\n<\/div>\n<div style=\"max-width:600px;margin:20px 0;padding: 20px;background-color: #FAFAFA;\">\n<label> Nombre<br \/>\n    <span class=\"wpcf7-form-control-wrap your-name\"><input type=\"text\" name=\"your-name\" value=\"\" size=\"40\" class=\"wpcf7-form-control wpcf7-text wpcf7-validates-as-required\" aria-required=\"true\" aria-invalid=\"false\" \/><\/span> <\/label><\/p>\n<p><label>Tel\u00e9fono<br \/>\n    <span class=\"wpcf7-form-control-wrap telefono\"><input type=\"tel\" name=\"telefono\" value=\"\" size=\"40\" class=\"wpcf7-form-control wpcf7-text wpcf7-tel wpcf7-validates-as-required wpcf7-validates-as-tel\" aria-required=\"true\" aria-invalid=\"false\" \/><\/span> <\/label><\/p>\n<p><label>Correo electr\u00f3nico<br \/>\n    <span class=\"wpcf7-form-control-wrap your-email\"><input type=\"email\" name=\"your-email\" value=\"\" size=\"40\" class=\"wpcf7-form-control wpcf7-text wpcf7-email wpcf7-validates-as-required wpcf7-validates-as-email\" aria-required=\"true\" aria-invalid=\"false\" \/><\/span> <\/label><\/p>\n<p><label> Zona operativa (localidad\/provincia)<br \/>\n    <span class=\"wpcf7-form-control-wrap zona\"><input type=\"text\" name=\"zona\" value=\"\" size=\"40\" class=\"wpcf7-form-control wpcf7-text\" aria-invalid=\"false\" \/><\/span> <\/label><\/p>\n<p><label> Mensaje<br \/>\n    <span class=\"wpcf7-form-control-wrap your-message\"><textarea name=\"your-message\" cols=\"40\" rows=\"10\" class=\"wpcf7-form-control wpcf7-textarea\" aria-invalid=\"false\"><\/textarea><\/span> <\/label><\/p>\n<div class=\"wpcf7-form-control-wrap\"><div data-sitekey=\"6Letq3QaAAAAAEATiMkQ0Zy0mckMOU924ctfhjUF\" class=\"wpcf7-form-control g-recaptcha wpcf7-recaptcha\"><\/div>\n<noscript>\n\t<div class=\"grecaptcha-noscript\">\n\t\t<iframe src=\"https:\/\/www.google.com\/recaptcha\/api\/fallback?k=6Letq3QaAAAAAEATiMkQ0Zy0mckMOU924ctfhjUF\" frameborder=\"0\" scrolling=\"no\" width=\"310\" height=\"430\">\n\t\t<\/iframe>\n\t\t<textarea name=\"g-recaptcha-response\" rows=\"3\" cols=\"40\" placeholder=\"Aqu\u00ed la respuesta de reCAPTCHA\">\n\t\t<\/textarea>\n\t<\/div>\n<\/noscript>\n<\/div>\n<p><input type=\"submit\" value=\"Enviar\" class=\"wpcf7-form-control wpcf7-submit\" \/>\n<\/p><\/div>\n<div class=\"wpcf7-response-output\" aria-hidden=\"true\"><\/div><\/form><\/div><\/div>\n","protected":false},"excerpt":{"rendered":"<p>Las m\u00e1quinas en cesi\u00f3n son m\u00e1quinas de nuestras propiedad que usted como operador podr\u00e1 instalar y explotar sin necesidad de comprarlas, \u00fanicamente nos comprar\u00eda el producto para cargarlas. Los modelos de m\u00e1quinas expendedoras que tenemos disponibles para cesi\u00f3n son de 1 y 2 canales. La de 2 canales tiene la posibilidad de instalar monederos independientes para vender a diferente precio por cada canal. El contrato de instalaci\u00f3n ser\u00eda de nosotros&#8230;<\/p>\n","protected":false},"author":1,"featured_media":0,"parent":0,"menu_order":0,"comment_status":"closed","ping_status":"closed","template":"","meta":[],"_links":{"self":[{"href":"http:\/\/www.cajiexport.com\/index.php\/wp-json\/wp\/v2\/pages\/36"}],"collection":[{"href":"http:\/\/www.cajiexport.com\/index.php\/wp-json\/wp\/v2\/pages"}],"about":[{"href":"http:\/\/www.cajiexport.com\/index.php\/wp-json\/wp\/v2\/types\/page"}],"author":[{"embeddable":true,"href":"http:\/\/www.cajiexport.com\/index.php\/wp-json\/wp\/v2\/users\/1"}],"replies":[{"embeddable":true,"href":"http:\/\/www.cajiexport.com\/index.php\/wp-json\/wp\/v2\/comments?post=36"}],"version-history":[{"count":0,"href":"http:\/\/www.cajiexport.com\/index.php\/wp-json\/wp\/v2\/pages\/36\/revisions"}],"wp:attachment":[{"href":"http:\/\/www.cajiexport.com\/index.php\/wp-json\/wp\/v2\/media?parent=36"}],"curies":[{"name":"wp","href":"https:\/\/api.w.org\/{rel}","templated":true}]}}