{"id":10,"date":"2020-12-24T07:48:38","date_gmt":"2020-12-24T07:48:38","guid":{"rendered":"http:\/\/www.cajiexport.com\/?page_id=10"},"modified":"2021-02-27T19:54:09","modified_gmt":"2021-02-27T19:54:09","slug":"quienes-somos","status":"publish","type":"page","link":"http:\/\/www.cajiexport.com\/index.php\/quienes-somos\/","title":{"rendered":"Qui\u00e9nes somos"},"content":{"rendered":"\n<p>Somos una empresa dedicada a la fabricaci\u00f3n, venta e instalaci\u00f3n de m\u00e1quinas expendedoras en centros comerciales, hoteles, bares, restaurantes, estaciones, gasolineras y parkings por toda Espa\u00f1a. Nuestra solidez y experiencia est\u00e1n avaladas por m\u00e1s de 20 a\u00f1os que llevamos operando en el sector.<\/p>\n\n\n\n<p>Le brindamos la posibilidad de ofrecer un servicio de vending inteligente en sus establecimientos, sin ning\u00fan coste ni compromiso para usted, y que a su vez le proporcionar\u00e1 un beneficio mensual y un gran servicio a sus clientes.<\/p>\n\n\n\n<p>Contamos con una amplia variedad de productos consumibles, entre los que destacan nuestros kits personalizados de protecci\u00f3n frente al COVID-19, y kits de protecci\u00f3n WC e higiene femenina (compresas y tampones).<\/p>\n\n\n\n<p>Debido a la situaci\u00f3n actual en la que nos encontramos a nivel global, todos debemos cumplir con las medidas preventivas para intentar frenar la creciente oleada de contagios. Por ello, es esencial facilitarle al usuario la obtenci\u00f3n del material necesario para la desinfecci\u00f3n y cuidado de su higiene.<\/p>\n\n\n\n<p>Tambi\u00e9n disponemos de m\u00e1quinas infantiles de ocio, entre las que destacan la grua Candy Shop, La expendedora de bolas sorpresa Kinder Toys y la nueva Super Motor X, que cuenta con una pantalla de 19 pulgadas integrada para jugar. Todas ellas son muy llamativas y le garantizamos que el instalarlas repercutir\u00e1 significativamente en los beneficios.<\/p>\n\n\n\n<p>Para hacer que estos productos sean totalmente acequibles para cualquier persona, hemos fijado los precios de venta en las m\u00e1quinas a 1 euro. La instalaci\u00f3n de las m\u00e1quinas puede hacerse a su elecci\u00f3n en zonas que sean visibles para los usuarios, que pueden ser las zonas comunes, pasillos, a la entrada de los servicios y\/o en el interior de los mismos.<\/p>\n\n\n\n<p>Es importante tener en cuenta que ustedes pueden ofrecer este servicio como una comodidad m\u00e1s para sus clientes. Cada d\u00eda las empresas necesitan encontrar nuevos productos y servicios para tener satisfechos a sus clientes y a la vez diferenciarse de la competencia.<\/p>\n\n\n\n<p>Nuestra empresa, Caji Export Internacional SLU, corre a cargo con todos los gastos de instalaci\u00f3n, mantenimiento y recaudaci\u00f3n, obteniendo usted beneficios de entre el 25% y el 50% cada mes, seg\u00fan el tipo de m\u00e1quina.<\/p>\n\n\n\n<p>Desde el primer d\u00eda nuestras m\u00e1quinas trabajar\u00e1n para la rentabilidad de su negocio \u00a1sin tener que hacer ninguna inversi\u00f3n en ellas!<\/p>\n","protected":false},"excerpt":{"rendered":"<p>Somos una empresa dedicada a la fabricaci\u00f3n, venta e instalaci\u00f3n de m\u00e1quinas expendedoras en centros comerciales, hoteles, bares, restaurantes, estaciones, gasolineras y parkings por toda Espa\u00f1a. Nuestra solidez y experiencia est\u00e1n avaladas por m\u00e1s de 20 a\u00f1os que llevamos operando en el sector. Le brindamos la posibilidad de ofrecer un servicio de vending inteligente en sus establecimientos, sin ning\u00fan coste ni compromiso para usted, y que a su vez le&#8230;<\/p>\n","protected":false},"author":1,"featured_media":0,"parent":0,"menu_order":0,"comment_status":"closed","ping_status":"closed","template":"templates\/full.php","meta":[],"_links":{"self":[{"href":"http:\/\/www.cajiexport.com\/index.php\/wp-json\/wp\/v2\/pages\/10"}],"collection":[{"href":"http:\/\/www.cajiexport.com\/index.php\/wp-json\/wp\/v2\/pages"}],"about":[{"href":"http:\/\/www.cajiexport.com\/index.php\/wp-json\/wp\/v2\/types\/page"}],"author":[{"embeddable":true,"href":"http:\/\/www.cajiexport.com\/index.php\/wp-json\/wp\/v2\/users\/1"}],"replies":[{"embeddable":true,"href":"http:\/\/www.cajiexport.com\/index.php\/wp-json\/wp\/v2\/comments?post=10"}],"version-history":[{"count":0,"href":"http:\/\/www.cajiexport.com\/index.php\/wp-json\/wp\/v2\/pages\/10\/revisions"}],"wp:attachment":[{"href":"http:\/\/www.cajiexport.com\/index.php\/wp-json\/wp\/v2\/media?parent=10"}],"curies":[{"name":"wp","href":"https:\/\/api.w.org\/{rel}","templated":true}]}}